{"id":49,"date":"2020-12-19T12:15:34","date_gmt":"2020-12-19T11:15:34","guid":{"rendered":"http:\/\/wygadajmysie.pl\/?page_id=49"},"modified":"2025-06-22T16:32:21","modified_gmt":"2025-06-22T14:32:21","slug":"o-mnie","status":"publish","type":"page","link":"http:\/\/wygadajmysie.pl\/?page_id=49","title":{"rendered":"Mediator"},"content":{"rendered":"\n<p class=\"has-text-align-center\">Nazywam si\u0119 Karolina Wojciechowska, jestem certyfikowanym mediatorem (uko\u0144czy\u0142am specjalistyczne szkolenie z zakresu mediacji w post\u0119powaniu w sprawach rodzinnych oraz o rozw\u00f3d i separacj\u0119, a tak\u017ce w sprawach karnych). Wcze\u015bniej studia magisterskie z psychologii spo\u0142ecznej (specjalizacja kryzys, konflikt, wsp\u00f3\u0142praca) wyposa\u017cy\u0142y mnie w wiedz\u0119 dotycz\u0105c\u0105 kryzysu i konfliktu zar\u00f3wno rodzinnego jak i biznesowego. <\/p>\n\n\n\n<p class=\"has-text-align-center\">Stworzy\u0142am Wygadajmy si\u0119 z my\u015bl\u0105 o edukacji w zakresie zdrowej komunikacji. Opr\u00f3cz wykszta\u0142cenia, posiadam wewn\u0119trzn\u0105 misj\u0119 pomagania ludziom w trudnych sytuacjach konfliktowych. Wykorzystuj\u0105c swoje umiej\u0119tno\u015bci chc\u0119 promowa\u0107 komunikacj\u0119 opart\u0105 na zrozumieniu, empatii i zaufaniu. <\/p>\n\n\n\n<p class=\"has-text-align-center\"><br>To przestrze\u0144 wsparcia i uwa\u017cno\u015bci nad wypowiadanym s\u0142owem. <br>Wszystko co m\u00f3wimy oraz JAK m\u00f3wimy wp\u0142ywa na nas oraz nasze otoczenie. <\/p>\n\n\n\n<p class=\"has-text-align-center\"><br>Tutaj przekonasz si\u0119 jakie b\u0142\u0119dy w komunikacji pope\u0142niasz, dlaczego widzisz \u015bwiat inaczej ni\u017c Twoi bliscy oraz dlaczego warto zrozumie\u0107, \u017ce r\u00f3\u017cnorodno\u015b\u0107 i zmienno\u015b\u0107 jest nam potrzebna. <\/p>\n\n\n\n<p class=\"has-text-align-center\">Anthony de Mello m\u00f3wi\u0142:<\/p>\n\n\n\n<figure class=\"wp-block-pullquote\"><blockquote><p><\/p><cite>  <em>Widzimy ludzi i rzeczy nie takimi, jakimi s\u0105, ale takimi, jakimi my jeste\u015bmy.<\/em> <\/cite><\/blockquote><\/figure>\n\n\n\n<p class=\"has-text-align-center\">W\u0142a\u015bnie dlatego tak trudno zajrze\u0107 we w\u0142asn\u0105 przestrze\u0144 przekona\u0144, a tak \u0142atwo obwinia\u0107 innych za w\u0142asne emocje.<\/p>\n\n\n\n<p class=\"has-text-align-center\"><strong>Wygadajmy si\u0119 <\/strong>to <strong>przestrze\u0144, gdzie za pomoc\u0105 rozmowy us\u0142yszysz siebie oraz innych. <\/strong><\/p>\n\n\n\n<p><\/p>\n\n\n\n<p><\/p>\n\n\n\n<p><\/p>\n\n\n\n<p class=\"has-text-align-center\"><br><a href=\"mailto:kontakt@wygadajmysie.pl\">kontakt@wygadajmysie.pl<\/a><\/p>\n\n\n\n<div class=\"wp-block-buttons is-horizontal is-content-justification-center is-layout-flex wp-container-core-buttons-layout-1 wp-block-buttons-is-layout-flex\">\n<div class=\"wp-block-button is-style-outline\"><a class=\"wp-block-button__link has-white-color has-luminous-vivid-orange-background-color has-text-color has-background wp-element-button\" href=\"mailto:kontakt@wygadajmysie.pl\">Kontakt<\/a><\/div>\n<\/div>\n\n\n\n<p class=\"has-text-align-center\">lub za pomoc\u0105 formularza poni\u017cej <\/p>\n\n\n\n<div class=\"wpforms-container wpforms-container-full\" id=\"wpforms-26\"><form id=\"wpforms-form-26\" class=\"wpforms-validate wpforms-form\" data-formid=\"26\" method=\"post\" enctype=\"multipart\/form-data\" action=\"\/index.php?rest_route=%2Fwp%2Fv2%2Fpages%2F49\" data-token=\"2a6e14da94a35808dbd1444bfb6f2e1f\"><noscript class=\"wpforms-error-noscript\">Please enable JavaScript in your browser to complete this form.<\/noscript><div class=\"wpforms-field-container\"><div id=\"wpforms-26-field_0-container\" class=\"wpforms-field wpforms-field-name\" data-field-id=\"0\"><label class=\"wpforms-field-label\" for=\"wpforms-26-field_0\">Imi\u0119 i Nazwisko <span class=\"wpforms-required-label\">*<\/span><\/label><div class=\"wpforms-field-row wpforms-field-medium\"><div class=\"wpforms-field-row-block wpforms-first wpforms-one-half\"><input type=\"text\" id=\"wpforms-26-field_0\" class=\"wpforms-field-name-first wpforms-field-required\" name=\"wpforms[fields][0][first]\" required><label for=\"wpforms-26-field_0\" class=\"wpforms-field-sublabel after \">First<\/label><\/div><div class=\"wpforms-field-row-block wpforms-one-half\"><input type=\"text\" id=\"wpforms-26-field_0-last\" class=\"wpforms-field-name-last wpforms-field-required\" name=\"wpforms[fields][0][last]\" required><label for=\"wpforms-26-field_0-last\" class=\"wpforms-field-sublabel after \">Last<\/label><\/div><\/div><\/div><div id=\"wpforms-26-field_1-container\" class=\"wpforms-field wpforms-field-email\" data-field-id=\"1\"><label class=\"wpforms-field-label\" for=\"wpforms-26-field_1\">Email <span class=\"wpforms-required-label\">*<\/span><\/label><input type=\"email\" id=\"wpforms-26-field_1\" class=\"wpforms-field-medium wpforms-field-required\" name=\"wpforms[fields][1]\" required><\/div><div id=\"wpforms-26-field_2-container\" class=\"wpforms-field wpforms-field-textarea\" data-field-id=\"2\"><label class=\"wpforms-field-label\" for=\"wpforms-26-field_2\">Tre\u015b\u0107 wiadomo\u015bci <span class=\"wpforms-required-label\">*<\/span><\/label><textarea id=\"wpforms-26-field_2\" class=\"wpforms-field-medium wpforms-field-required\" name=\"wpforms[fields][2]\" required><\/textarea><\/div><div id=\"wpforms-26-field_3-container\" class=\"wpforms-field wpforms-field-checkbox\" data-field-id=\"3\"><label class=\"wpforms-field-label\" for=\"wpforms-26-field_3\">Zgoda  <span class=\"wpforms-required-label\">*<\/span><\/label><ul id=\"wpforms-26-field_3\" class=\"wpforms-field-required\"><li class=\"choice-1 depth-1\"><input type=\"checkbox\" id=\"wpforms-26-field_3_1\" name=\"wpforms[fields][3][]\" value=\"Zgadzam si\u0119 na przetwarzanie danych zgodnych z zasadami Polityki Prywatno\u015bci\" required ><label class=\"wpforms-field-label-inline\" for=\"wpforms-26-field_3_1\">Zgadzam si\u0119 na przetwarzanie danych zgodnych z zasadami Polityki Prywatno\u015bci<\/label><\/li><\/ul><\/div><\/div><div class=\"wpforms-submit-container\" ><input type=\"hidden\" name=\"wpforms[id]\" value=\"26\"><input type=\"hidden\" name=\"wpforms[author]\" value=\"1\"><button type=\"submit\" name=\"wpforms[submit]\" class=\"wpforms-submit \" id=\"wpforms-submit-26\" value=\"wpforms-submit\" aria-live=\"assertive\" data-alt-text=\"Wysy\u0142anie...\" data-submit-text=\"Wy\u015blij\">Wy\u015blij<\/button><\/div><\/form><\/div>  <!-- .wpforms-container -->\n\n\n\n<p><\/p>\n","protected":false},"excerpt":{"rendered":"<p>Nazywam si\u0119 Karolina Wojciechowska, jestem certyfikowanym mediatorem (uko\u0144czy\u0142am specjalistyczne szkolenie z zakresu mediacji w post\u0119powaniu w sprawach rodzinnych oraz o rozw\u00f3d i separacj\u0119, a tak\u017ce w sprawach karnych). Wcze\u015bniej studia magisterskie z psychologii spo\u0142ecznej (specjalizacja kryzys, konflikt, wsp\u00f3\u0142praca) wyposa\u017cy\u0142y mnie w wiedz\u0119 dotycz\u0105c\u0105 kryzysu i konfliktu zar\u00f3wno rodzinnego jak i [&hellip;]<\/p>\n","protected":false},"author":1,"featured_media":0,"parent":0,"menu_order":0,"comment_status":"closed","ping_status":"closed","template":"","meta":{"footnotes":""},"yoast_head":"<!-- This site is optimized with the Yoast SEO plugin v15.5 - https:\/\/yoast.com\/wordpress\/plugins\/seo\/ -->\n<title>Mediator - Wygadajmysie.pl<\/title>\n<meta name=\"description\" content=\"Mediator Wygadajmysie.pl\" \/>\n<meta name=\"robots\" content=\"index, follow, max-snippet:-1, max-image-preview:large, max-video-preview:-1\" \/>\n<link rel=\"canonical\" href=\"http:\/\/wygadajmysie.pl\/?page_id=49\" \/>\n<meta property=\"og:locale\" content=\"pl_PL\" \/>\n<meta property=\"og:type\" content=\"article\" \/>\n<meta property=\"og:title\" content=\"Mediator - Wygadajmysie.pl\" \/>\n<meta property=\"og:description\" content=\"Mediator Wygadajmysie.pl\" \/>\n<meta property=\"og:url\" content=\"http:\/\/wygadajmysie.pl\/?page_id=49\" \/>\n<meta property=\"og:site_name\" content=\"Wygadajmysie.pl\" \/>\n<meta property=\"article:modified_time\" content=\"2025-06-22T14:32:21+00:00\" \/>\n<meta name=\"twitter:card\" content=\"summary_large_image\" \/>\n<meta name=\"twitter:label1\" content=\"Est. reading time\">\n\t<meta name=\"twitter:data1\" content=\"1 minuta\">\n<script type=\"application\/ld+json\" class=\"yoast-schema-graph\">{\"@context\":\"https:\/\/schema.org\",\"@graph\":[{\"@type\":\"WebSite\",\"@id\":\"http:\/\/wygadajmysie.pl\/#website\",\"url\":\"http:\/\/wygadajmysie.pl\/\",\"name\":\"Wygadajmysie.pl\",\"description\":\"Rozw\\u00f3j holistyczny - Psychologia | Medytacja | Duchowo\\u015b\\u0107\",\"potentialAction\":[{\"@type\":\"SearchAction\",\"target\":\"http:\/\/wygadajmysie.pl\/?s={search_term_string}\",\"query-input\":\"required name=search_term_string\"}],\"inLanguage\":\"pl-PL\"},{\"@type\":\"WebPage\",\"@id\":\"http:\/\/wygadajmysie.pl\/?page_id=49#webpage\",\"url\":\"http:\/\/wygadajmysie.pl\/?page_id=49\",\"name\":\"Mediator - Wygadajmysie.pl\",\"isPartOf\":{\"@id\":\"http:\/\/wygadajmysie.pl\/#website\"},\"datePublished\":\"2020-12-19T11:15:34+00:00\",\"dateModified\":\"2025-06-22T14:32:21+00:00\",\"description\":\"Mediator Wygadajmysie.pl\",\"inLanguage\":\"pl-PL\",\"potentialAction\":[{\"@type\":\"ReadAction\",\"target\":[\"http:\/\/wygadajmysie.pl\/?page_id=49\"]}]}]}<\/script>\n<!-- \/ Yoast SEO plugin. -->","_links":{"self":[{"href":"http:\/\/wygadajmysie.pl\/index.php?rest_route=\/wp\/v2\/pages\/49"}],"collection":[{"href":"http:\/\/wygadajmysie.pl\/index.php?rest_route=\/wp\/v2\/pages"}],"about":[{"href":"http:\/\/wygadajmysie.pl\/index.php?rest_route=\/wp\/v2\/types\/page"}],"author":[{"embeddable":true,"href":"http:\/\/wygadajmysie.pl\/index.php?rest_route=\/wp\/v2\/users\/1"}],"replies":[{"embeddable":true,"href":"http:\/\/wygadajmysie.pl\/index.php?rest_route=%2Fwp%2Fv2%2Fcomments&post=49"}],"version-history":[{"count":78,"href":"http:\/\/wygadajmysie.pl\/index.php?rest_route=\/wp\/v2\/pages\/49\/revisions"}],"predecessor-version":[{"id":1073,"href":"http:\/\/wygadajmysie.pl\/index.php?rest_route=\/wp\/v2\/pages\/49\/revisions\/1073"}],"wp:attachment":[{"href":"http:\/\/wygadajmysie.pl\/index.php?rest_route=%2Fwp%2Fv2%2Fmedia&parent=49"}],"curies":[{"name":"wp","href":"https:\/\/api.w.org\/{rel}","templated":true}]}}