{"id":25,"date":"2020-12-19T11:38:41","date_gmt":"2020-12-19T10:38:41","guid":{"rendered":"http:\/\/wygadajmysie.pl\/?page_id=25"},"modified":"2025-06-25T15:16:17","modified_gmt":"2025-06-25T13:16:17","slug":"kontakt","status":"publish","type":"page","link":"http:\/\/wygadajmysie.pl\/?page_id=25","title":{"rendered":"Warsztaty"},"content":{"rendered":"<div class=\"wp-block-image\">\n<figure class=\"aligncenter size-large\"><img loading=\"lazy\" decoding=\"async\" width=\"724\" height=\"1024\" src=\"http:\/\/wygadajmysie.pl\/wp-content\/uploads\/2025\/06\/warszataty-wygadajmysie-724x1024.png\" alt=\"\" class=\"wp-image-1104\" srcset=\"http:\/\/wygadajmysie.pl\/wp-content\/uploads\/2025\/06\/warszataty-wygadajmysie-724x1024.png 724w, http:\/\/wygadajmysie.pl\/wp-content\/uploads\/2025\/06\/warszataty-wygadajmysie-212x300.png 212w, http:\/\/wygadajmysie.pl\/wp-content\/uploads\/2025\/06\/warszataty-wygadajmysie-768x1086.png 768w, http:\/\/wygadajmysie.pl\/wp-content\/uploads\/2025\/06\/warszataty-wygadajmysie-1086x1536.png 1086w, http:\/\/wygadajmysie.pl\/wp-content\/uploads\/2025\/06\/warszataty-wygadajmysie.png 1414w\" sizes=\"(max-width: 724px) 100vw, 724px\" \/><\/figure><\/div>\n\n\n<h2 class=\"wp-block-heading\">W drodze do porozumienia. <strong>Zdrowa komunikacja w relacji<\/strong><\/h2>\n\n\n\n<p><strong>Czy czujecie, \u017ce rozmawiacie ze sob\u0105, ale si\u0119 nie s\u0142yszycie?<\/strong><br>Czy macie wra\u017cenie, \u017ce k\u0142\u00f3tnie powtarzaj\u0105 si\u0119 w k\u00f3\u0142ko, mimo \u017ce bardzo si\u0119 staracie?<br>A mo\u017ce chcecie po prostu <strong>nauczy\u0107 si\u0119 m\u00f3wi\u0107 do siebie z wi\u0119ksz\u0105 uwa\u017cno\u015bci\u0105, szacunkiem i spokojem<\/strong>?<\/p>\n\n\n\n<p>Te warsztaty s\u0105 dla Was, je\u015bli chcecie zbudowa\u0107 silniejsz\u0105, bardziej \u015bwiadom\u0105 relacj\u0119 opart\u0105 na <strong>empatii, zrozumieniu i blisko\u015bci<\/strong>.<\/p>\n\n\n\n<hr class=\"wp-block-separator has-alpha-channel-opacity\"\/>\n\n\n\n<h3 class=\"wp-block-heading\">Czego si\u0119 nauczycie?<\/h3>\n\n\n\n<p>Jak m\u00f3wi\u0107 o swoich potrzebach bez obwiniania i krytyki<br>Jak s\u0142ucha\u0107, by naprawd\u0119 rozumie\u0107 \u2013 nawet w emocjach<br>Jak rozpoznawa\u0107 i nazywa\u0107 uczucia (swoje i partnera\/partnerki)<br>Jak radzi\u0107 sobie z konfliktami bez \u201ewalki\u201d i uciekania<br>Jak dba\u0107 o granice i wzajemny szacunek<br>Jak budowa\u0107 dialog zamiast monologu<\/p>\n\n\n\n<hr class=\"wp-block-separator has-alpha-channel-opacity\"\/>\n\n\n\n<h3 class=\"wp-block-heading\">Dla kogo?<\/h3>\n\n\n\n<p> Dla par na ka\u017cdym etapie zwi\u0105zku \u2013 r\u00f3wnie\u017c tych, kt\u00f3re:<br>\u2013 prze\u017cywaj\u0105 trudno\u015bci w komunikacji<br>\u2013 chc\u0105 pog\u0142\u0119bi\u0107 zrozumienie i wi\u0119\u017a<br>\u2013 planuj\u0105 wsp\u00f3ln\u0105 przysz\u0142o\u015b\u0107 i chc\u0105 zadba\u0107 o zdrowy fundament<\/p>\n\n\n\n<p class=\"has-text-align-center\">Zapytaj o najbli\u017cszy termin<br><a href=\"mailto:kontakt@wygadajmysie.pl\">kontakt@wygadajmysie.pl<\/a><\/p>\n\n\n\n<div class=\"wp-block-buttons is-horizontal is-content-justification-center is-layout-flex wp-container-core-buttons-layout-1 wp-block-buttons-is-layout-flex\">\n<div class=\"wp-block-button is-style-outline\"><a class=\"wp-block-button__link has-white-color has-luminous-vivid-orange-background-color has-text-color has-background wp-element-button\" href=\"mailto:kontakt@wygadajmysie.pl\">Kontakt<\/a><\/div>\n<\/div>\n\n\n\n<p class=\"has-text-align-center\">lub za pomoc\u0105 formularza poni\u017cej <\/p>\n\n\n\n<div class=\"wpforms-container wpforms-container-full\" id=\"wpforms-26\"><form id=\"wpforms-form-26\" class=\"wpforms-validate wpforms-form\" data-formid=\"26\" method=\"post\" enctype=\"multipart\/form-data\" action=\"\/index.php?rest_route=%2Fwp%2Fv2%2Fpages%2F25\" data-token=\"2a6e14da94a35808dbd1444bfb6f2e1f\"><noscript class=\"wpforms-error-noscript\">Please enable JavaScript in your browser to complete this form.<\/noscript><div class=\"wpforms-field-container\"><div id=\"wpforms-26-field_0-container\" class=\"wpforms-field wpforms-field-name\" data-field-id=\"0\"><label class=\"wpforms-field-label\" for=\"wpforms-26-field_0\">Imi\u0119 i Nazwisko <span class=\"wpforms-required-label\">*<\/span><\/label><div class=\"wpforms-field-row wpforms-field-medium\"><div class=\"wpforms-field-row-block wpforms-first wpforms-one-half\"><input type=\"text\" id=\"wpforms-26-field_0\" class=\"wpforms-field-name-first wpforms-field-required\" name=\"wpforms[fields][0][first]\" required><label for=\"wpforms-26-field_0\" class=\"wpforms-field-sublabel after \">First<\/label><\/div><div class=\"wpforms-field-row-block wpforms-one-half\"><input type=\"text\" id=\"wpforms-26-field_0-last\" class=\"wpforms-field-name-last wpforms-field-required\" name=\"wpforms[fields][0][last]\" required><label for=\"wpforms-26-field_0-last\" class=\"wpforms-field-sublabel after \">Last<\/label><\/div><\/div><\/div><div id=\"wpforms-26-field_1-container\" class=\"wpforms-field wpforms-field-email\" data-field-id=\"1\"><label class=\"wpforms-field-label\" for=\"wpforms-26-field_1\">Email <span class=\"wpforms-required-label\">*<\/span><\/label><input type=\"email\" id=\"wpforms-26-field_1\" class=\"wpforms-field-medium wpforms-field-required\" name=\"wpforms[fields][1]\" required><\/div><div id=\"wpforms-26-field_2-container\" class=\"wpforms-field wpforms-field-textarea\" data-field-id=\"2\"><label class=\"wpforms-field-label\" for=\"wpforms-26-field_2\">Tre\u015b\u0107 wiadomo\u015bci <span class=\"wpforms-required-label\">*<\/span><\/label><textarea id=\"wpforms-26-field_2\" class=\"wpforms-field-medium wpforms-field-required\" name=\"wpforms[fields][2]\" required><\/textarea><\/div><div id=\"wpforms-26-field_3-container\" class=\"wpforms-field wpforms-field-checkbox\" data-field-id=\"3\"><label class=\"wpforms-field-label\" for=\"wpforms-26-field_3\">Zgoda  <span class=\"wpforms-required-label\">*<\/span><\/label><ul id=\"wpforms-26-field_3\" class=\"wpforms-field-required\"><li class=\"choice-1 depth-1\"><input type=\"checkbox\" id=\"wpforms-26-field_3_1\" name=\"wpforms[fields][3][]\" value=\"Zgadzam si\u0119 na przetwarzanie danych zgodnych z zasadami Polityki Prywatno\u015bci\" required ><label class=\"wpforms-field-label-inline\" for=\"wpforms-26-field_3_1\">Zgadzam si\u0119 na przetwarzanie danych zgodnych z zasadami Polityki Prywatno\u015bci<\/label><\/li><\/ul><\/div><\/div><div class=\"wpforms-submit-container\" ><input type=\"hidden\" name=\"wpforms[id]\" value=\"26\"><input type=\"hidden\" name=\"wpforms[author]\" value=\"1\"><button type=\"submit\" name=\"wpforms[submit]\" class=\"wpforms-submit \" id=\"wpforms-submit-26\" value=\"wpforms-submit\" aria-live=\"assertive\" data-alt-text=\"Wysy\u0142anie...\" data-submit-text=\"Wy\u015blij\">Wy\u015blij<\/button><\/div><\/form><\/div>  <!-- .wpforms-container -->\n\n\n\n<p><\/p>\n","protected":false},"excerpt":{"rendered":"<p>W drodze do porozumienia. Zdrowa komunikacja w relacji Czy czujecie, \u017ce rozmawiacie ze sob\u0105, ale si\u0119 nie s\u0142yszycie?Czy macie wra\u017cenie, \u017ce k\u0142\u00f3tnie powtarzaj\u0105 si\u0119 w k\u00f3\u0142ko, mimo \u017ce bardzo si\u0119 staracie?A mo\u017ce chcecie po prostu nauczy\u0107 si\u0119 m\u00f3wi\u0107 do siebie z wi\u0119ksz\u0105 uwa\u017cno\u015bci\u0105, szacunkiem i spokojem? Te warsztaty s\u0105 dla [&hellip;]<\/p>\n","protected":false},"author":1,"featured_media":0,"parent":0,"menu_order":0,"comment_status":"closed","ping_status":"closed","template":"","meta":{"footnotes":""},"yoast_head":"<!-- This site is optimized with the Yoast SEO plugin v15.5 - https:\/\/yoast.com\/wordpress\/plugins\/seo\/ -->\n<title>Warsztaty - Wygadajmysie.pl<\/title>\n<meta name=\"description\" content=\"Warsztaty Wygadajmysie.pl\" \/>\n<meta name=\"robots\" content=\"index, follow, max-snippet:-1, max-image-preview:large, max-video-preview:-1\" \/>\n<link rel=\"canonical\" href=\"http:\/\/wygadajmysie.pl\/?page_id=25\" \/>\n<meta property=\"og:locale\" content=\"pl_PL\" \/>\n<meta property=\"og:type\" content=\"article\" \/>\n<meta property=\"og:title\" content=\"Warsztaty - Wygadajmysie.pl\" \/>\n<meta property=\"og:description\" content=\"Warsztaty Wygadajmysie.pl\" \/>\n<meta property=\"og:url\" content=\"http:\/\/wygadajmysie.pl\/?page_id=25\" \/>\n<meta property=\"og:site_name\" content=\"Wygadajmysie.pl\" \/>\n<meta property=\"article:modified_time\" content=\"2025-06-25T13:16:17+00:00\" \/>\n<meta property=\"og:image\" content=\"http:\/\/wygadajmysie.pl\/wp-content\/uploads\/2025\/06\/warszataty-wygadajmysie-724x1024.png\" \/>\n<meta name=\"twitter:card\" content=\"summary_large_image\" \/>\n<meta name=\"twitter:label1\" content=\"Est. reading time\">\n\t<meta name=\"twitter:data1\" content=\"1 minuta\">\n<script type=\"application\/ld+json\" class=\"yoast-schema-graph\">{\"@context\":\"https:\/\/schema.org\",\"@graph\":[{\"@type\":\"WebSite\",\"@id\":\"http:\/\/wygadajmysie.pl\/#website\",\"url\":\"http:\/\/wygadajmysie.pl\/\",\"name\":\"Wygadajmysie.pl\",\"description\":\"Rozw\\u00f3j holistyczny - Psychologia | Medytacja | Duchowo\\u015b\\u0107\",\"potentialAction\":[{\"@type\":\"SearchAction\",\"target\":\"http:\/\/wygadajmysie.pl\/?s={search_term_string}\",\"query-input\":\"required name=search_term_string\"}],\"inLanguage\":\"pl-PL\"},{\"@type\":\"ImageObject\",\"@id\":\"http:\/\/wygadajmysie.pl\/?page_id=25#primaryimage\",\"inLanguage\":\"pl-PL\",\"url\":\"http:\/\/wygadajmysie.pl\/wp-content\/uploads\/2025\/06\/warszataty-wygadajmysie.png\",\"width\":1414,\"height\":2000},{\"@type\":\"WebPage\",\"@id\":\"http:\/\/wygadajmysie.pl\/?page_id=25#webpage\",\"url\":\"http:\/\/wygadajmysie.pl\/?page_id=25\",\"name\":\"Warsztaty - Wygadajmysie.pl\",\"isPartOf\":{\"@id\":\"http:\/\/wygadajmysie.pl\/#website\"},\"primaryImageOfPage\":{\"@id\":\"http:\/\/wygadajmysie.pl\/?page_id=25#primaryimage\"},\"datePublished\":\"2020-12-19T10:38:41+00:00\",\"dateModified\":\"2025-06-25T13:16:17+00:00\",\"description\":\"Warsztaty Wygadajmysie.pl\",\"inLanguage\":\"pl-PL\",\"potentialAction\":[{\"@type\":\"ReadAction\",\"target\":[\"http:\/\/wygadajmysie.pl\/?page_id=25\"]}]}]}<\/script>\n<!-- \/ Yoast SEO plugin. -->","_links":{"self":[{"href":"http:\/\/wygadajmysie.pl\/index.php?rest_route=\/wp\/v2\/pages\/25"}],"collection":[{"href":"http:\/\/wygadajmysie.pl\/index.php?rest_route=\/wp\/v2\/pages"}],"about":[{"href":"http:\/\/wygadajmysie.pl\/index.php?rest_route=\/wp\/v2\/types\/page"}],"author":[{"embeddable":true,"href":"http:\/\/wygadajmysie.pl\/index.php?rest_route=\/wp\/v2\/users\/1"}],"replies":[{"embeddable":true,"href":"http:\/\/wygadajmysie.pl\/index.php?rest_route=%2Fwp%2Fv2%2Fcomments&post=25"}],"version-history":[{"count":22,"href":"http:\/\/wygadajmysie.pl\/index.php?rest_route=\/wp\/v2\/pages\/25\/revisions"}],"predecessor-version":[{"id":1105,"href":"http:\/\/wygadajmysie.pl\/index.php?rest_route=\/wp\/v2\/pages\/25\/revisions\/1105"}],"wp:attachment":[{"href":"http:\/\/wygadajmysie.pl\/index.php?rest_route=%2Fwp%2Fv2%2Fmedia&parent=25"}],"curies":[{"name":"wp","href":"https:\/\/api.w.org\/{rel}","templated":true}]}}